{"id":12813,"date":"2016-07-21T20:22:42","date_gmt":"2016-07-21T18:22:42","guid":{"rendered":"https:\/\/obenheimer.com?page_id=12813"},"modified":"2022-01-29T18:03:16","modified_gmt":"2022-01-29T17:03:16","slug":"mentions-legales","status":"publish","type":"page","link":"https:\/\/obenheimer.com\/en\/mentions-legales\/","title":{"rendered":"Mentions l\u00e9gales"},"content":{"rendered":"<div class=\"fusion-fullwidth fullwidth-box fusion-builder-row-1 fusion-flex-container hundred-percent-fullwidth non-hundred-percent-height-scrolling\" style=\"--awb-border-radius-top-left:0px;--awb-border-radius-top-right:0px;--awb-border-radius-bottom-right:0px;--awb-border-radius-bottom-left:0px;--awb-overflow:visible;--awb-flex-wrap:wrap;\" ><div class=\"fusion-builder-row fusion-row fusion-flex-align-items-flex-start fusion-flex-content-wrap\" style=\"width:104% !important;max-width:104% !important;margin-left: calc(-4% \/ 2 );margin-right: calc(-4% \/ 2 );\"><div class=\"fusion-layout-column fusion_builder_column fusion-builder-column-0 fusion_builder_column_1_1 1_1 fusion-flex-column fusion-flex-align-self-flex-start fusion-column-no-min-height\" style=\"--awb-bg-size:cover;--awb-width-large:100%;--awb-margin-top-large:0px;--awb-spacing-right-large:1.92%;--awb-margin-bottom-large:0px;--awb-spacing-left-large:1.92%;--awb-width-medium:100%;--awb-spacing-right-medium:1.92%;--awb-spacing-left-medium:1.92%;--awb-width-small:100%;--awb-spacing-right-small:1.92%;--awb-spacing-left-small:1.92%;\"><div class=\"fusion-column-wrapper fusion-flex-justify-content-flex-start fusion-content-layout-column\"><div class=\"fusion-text fusion-text-1\" style=\"--awb-text-transform:none;\"><p><strong>A propos de www.obenheimer.com<\/strong><\/p>\n<p><strong>Directeur de publication<\/strong><\/p>\n<p>Nom de l\u2019\u00e9diteur : Obenheimer Express Band<br \/>\nAdresse :<br \/>\nT\u00e9l\u00e9phone : +33 (0)3 88 98 41 06<\/p>\n<p>Mail : contact@obenheimer.com<br \/>\nSite internet :<\/p>\n<p><strong>Conception graphique et d\u00e9veloppement<\/strong><\/p>\n<p><strong>Collectif Insight<\/strong><br \/>\n<a href=\"https:\/\/obenheimer.com\" target=\"_blank\" rel=\"noopener noreferrer\">www.collectif-insight.com<\/a><\/p>\n<p><strong>H\u00e9bergeur<\/strong><br \/>\nH\u00e9bergement 1&amp;1 Internet SARL FRANCE<br \/>\n7, place de la Gare &#8211; 57200 Sarreguemines<br \/>\nRegistre du commerce et des soci\u00e9t\u00e9s<br \/>\nde Sarreguemines no. 431 303 775<\/p>\n<p><strong>Propri\u00e9t\u00e9 intellectuelle et droits d\u2019auteur<\/strong><\/p>\n<p>En vertu de l\u2019article L.122-4 du code de la propri\u00e9t\u00e9 intellectuelle \u00ab Toute repr\u00e9sentation ou reproduction int\u00e9grale ou partielle faite sans le consentement de l\u2019auteur ou de ses ayants droit ou ayants cause est illicite. Il en est de m\u00eame pour la traduction, l\u2019adaptation ou la transformation, l\u2019arrangement ou la reproduction par un art ou un proc\u00e9d\u00e9 quelconque. \u00bb<\/p>\n<p>Les textes, images, sons, vid\u00e9os, bases ou fichiers de donn\u00e9es sont prot\u00e9g\u00e9s par les droits d\u2019auteur et leur utilisation, reproduction, exploitation ou diffusion non envisag\u00e9es sont interdites sauf autorisation expresse de Obenheimer Express Band. Passer outre est susceptible de constituer un acte de contrefa\u00e7on engageant les responsabilit\u00e9s civiles et p\u00e9nales de tout contrevenant.<\/p>\n<p>La mise en place d\u2019un lien hypertexte pointant vers l\u2019adresse www.obenheimer.com est autoris\u00e9e mis \u00e0 part pour tout site web contenant des informations \u00e0 caract\u00e8re pornographique, x\u00e9nophobe, politique, religieux, ainsi que tout site contenant des caract\u00e8res allant \u00e0 l\u2019encontre des bonnes m\u0153urs et de l\u2019ordre public.<\/p>\n<p>Obenheimer Express Band n\u2019est en aucun cas responsable du contenu des sites sur lesquelles il apparait en hyperlien.<\/p>\n<p><strong>Droit d\u2019acc\u00e8s, de modification et de suppression<\/strong><\/p>\n<p>Les adresses \u00e9lectroniques ou autres informations nominatives ne sont recueillies sur le site www.obenheimer.com qu\u2019\u00e0 la suite de votre communication volontaire, ces donn\u00e9es n\u2019\u00e9tant utilis\u00e9es que pour l\u2019envoi de la r\u00e9ponse que vous attendez.<\/p>\n<p>Conform\u00e9ment \u00e0 la loi informatique et libert\u00e9 du 6 janvier 1978 modifi\u00e9e par la loi du 6 aout 2004, nous sommes tenus de prendre toutes pr\u00e9cautions utiles, au regard de la nature des donn\u00e9es et des risques pr\u00e9sent\u00e9s par le traitement, pour pr\u00e9server la s\u00e9curit\u00e9 des donn\u00e9es et, notamment, emp\u00eacher qu\u2019elles soient d\u00e9form\u00e9es, endommag\u00e9es, ou que des tiers non autoris\u00e9s y aient acc\u00e8s. Vos donn\u00e9es ne seront donc en aucun cas transmises \u00e0 des tiers, personne physique ou morale.<\/p>\n<p>Vous disposez d\u2019un droit d\u2019acc\u00e8s, de rectification et de suppression concernant les donn\u00e9es qui vous concernent et vous pouvez l&#8217;exercer en nous adressant un mail \u00e0 contact@obenheimer.com<\/p>\n<\/div><\/div><\/div><\/div><\/div>\n","protected":false},"excerpt":{"rendered":"","protected":false},"author":1,"featured_media":0,"parent":0,"menu_order":16,"comment_status":"closed","ping_status":"closed","template":"","meta":{"footnotes":""},"class_list":["post-12813","page","type-page","status-publish","hentry"],"yoast_head":"<!-- This site is optimized with the Yoast SEO plugin v26.4 - https:\/\/yoast.com\/wordpress\/plugins\/seo\/ -->\n<title>Mentions l\u00e9gales - Obenheimer Express Band<\/title>\n<meta name=\"robots\" content=\"index, follow, max-snippet:-1, max-image-preview:large, max-video-preview:-1\" \/>\n<link rel=\"canonical\" href=\"https:\/\/obenheimer.com\/mentions-legales\/\" \/>\n<meta property=\"og:locale\" content=\"en_US\" \/>\n<meta property=\"og:type\" content=\"article\" \/>\n<meta property=\"og:title\" content=\"Mentions l\u00e9gales - Obenheimer Express Band\" \/>\n<meta property=\"og:url\" content=\"https:\/\/obenheimer.com\/mentions-legales\/\" \/>\n<meta property=\"og:site_name\" content=\"Obenheimer Express Band\" \/>\n<meta property=\"article:modified_time\" content=\"2022-01-29T17:03:16+00:00\" \/>\n<meta name=\"twitter:card\" content=\"summary_large_image\" \/>\n<meta name=\"twitter:label1\" content=\"Est. reading time\" \/>\n\t<meta name=\"twitter:data1\" content=\"3 minutes\" \/>\n<script type=\"application\/ld+json\" class=\"yoast-schema-graph\">{\"@context\":\"https:\/\/schema.org\",\"@graph\":[{\"@type\":\"WebPage\",\"@id\":\"https:\/\/obenheimer.com\/mentions-legales\/\",\"url\":\"https:\/\/obenheimer.com\/mentions-legales\/\",\"name\":\"Mentions l\u00e9gales - Obenheimer Express Band\",\"isPartOf\":{\"@id\":\"https:\/\/obenheimer.com\/#website\"},\"datePublished\":\"2016-07-21T18:22:42+00:00\",\"dateModified\":\"2022-01-29T17:03:16+00:00\",\"breadcrumb\":{\"@id\":\"https:\/\/obenheimer.com\/mentions-legales\/#breadcrumb\"},\"inLanguage\":\"en-US\",\"potentialAction\":[{\"@type\":\"ReadAction\",\"target\":[\"https:\/\/obenheimer.com\/mentions-legales\/\"]}]},{\"@type\":\"BreadcrumbList\",\"@id\":\"https:\/\/obenheimer.com\/mentions-legales\/#breadcrumb\",\"itemListElement\":[{\"@type\":\"ListItem\",\"position\":1,\"name\":\"Accueil\",\"item\":\"https:\/\/obenheimer.com\/\"},{\"@type\":\"ListItem\",\"position\":2,\"name\":\"Mentions l\u00e9gales\"}]},{\"@type\":\"WebSite\",\"@id\":\"https:\/\/obenheimer.com\/#website\",\"url\":\"https:\/\/obenheimer.com\/\",\"name\":\"Obenheimer Express Band\",\"description\":\"Obenheimer Express Band\",\"potentialAction\":[{\"@type\":\"SearchAction\",\"target\":{\"@type\":\"EntryPoint\",\"urlTemplate\":\"https:\/\/obenheimer.com\/?s={search_term_string}\"},\"query-input\":{\"@type\":\"PropertyValueSpecification\",\"valueRequired\":true,\"valueName\":\"search_term_string\"}}],\"inLanguage\":\"en-US\"}]}<\/script>\n<!-- \/ Yoast SEO plugin. -->","yoast_head_json":{"title":"Mentions l\u00e9gales - Obenheimer Express Band","robots":{"index":"index","follow":"follow","max-snippet":"max-snippet:-1","max-image-preview":"max-image-preview:large","max-video-preview":"max-video-preview:-1"},"canonical":"https:\/\/obenheimer.com\/mentions-legales\/","og_locale":"en_US","og_type":"article","og_title":"Mentions l\u00e9gales - Obenheimer Express Band","og_url":"https:\/\/obenheimer.com\/mentions-legales\/","og_site_name":"Obenheimer Express Band","article_modified_time":"2022-01-29T17:03:16+00:00","twitter_card":"summary_large_image","twitter_misc":{"Est. reading time":"3 minutes"},"schema":{"@context":"https:\/\/schema.org","@graph":[{"@type":"WebPage","@id":"https:\/\/obenheimer.com\/mentions-legales\/","url":"https:\/\/obenheimer.com\/mentions-legales\/","name":"Mentions l\u00e9gales - Obenheimer Express Band","isPartOf":{"@id":"https:\/\/obenheimer.com\/#website"},"datePublished":"2016-07-21T18:22:42+00:00","dateModified":"2022-01-29T17:03:16+00:00","breadcrumb":{"@id":"https:\/\/obenheimer.com\/mentions-legales\/#breadcrumb"},"inLanguage":"en-US","potentialAction":[{"@type":"ReadAction","target":["https:\/\/obenheimer.com\/mentions-legales\/"]}]},{"@type":"BreadcrumbList","@id":"https:\/\/obenheimer.com\/mentions-legales\/#breadcrumb","itemListElement":[{"@type":"ListItem","position":1,"name":"Accueil","item":"https:\/\/obenheimer.com\/"},{"@type":"ListItem","position":2,"name":"Mentions l\u00e9gales"}]},{"@type":"WebSite","@id":"https:\/\/obenheimer.com\/#website","url":"https:\/\/obenheimer.com\/","name":"Obenheimer Express Band","description":"Obenheimer Express Band","potentialAction":[{"@type":"SearchAction","target":{"@type":"EntryPoint","urlTemplate":"https:\/\/obenheimer.com\/?s={search_term_string}"},"query-input":{"@type":"PropertyValueSpecification","valueRequired":true,"valueName":"search_term_string"}}],"inLanguage":"en-US"}]}},"_links":{"self":[{"href":"https:\/\/obenheimer.com\/en\/wp-json\/wp\/v2\/pages\/12813","targetHints":{"allow":["GET"]}}],"collection":[{"href":"https:\/\/obenheimer.com\/en\/wp-json\/wp\/v2\/pages"}],"about":[{"href":"https:\/\/obenheimer.com\/en\/wp-json\/wp\/v2\/types\/page"}],"author":[{"embeddable":true,"href":"https:\/\/obenheimer.com\/en\/wp-json\/wp\/v2\/users\/1"}],"replies":[{"embeddable":true,"href":"https:\/\/obenheimer.com\/en\/wp-json\/wp\/v2\/comments?post=12813"}],"version-history":[{"count":0,"href":"https:\/\/obenheimer.com\/en\/wp-json\/wp\/v2\/pages\/12813\/revisions"}],"wp:attachment":[{"href":"https:\/\/obenheimer.com\/en\/wp-json\/wp\/v2\/media?parent=12813"}],"curies":[{"name":"wp","href":"https:\/\/api.w.org\/{rel}","templated":true}]}}