{"id":18800,"date":"2020-03-05T09:13:19","date_gmt":"2020-03-05T08:13:19","guid":{"rendered":"https:\/\/obenheimer.com?page_id=18800"},"modified":"2024-11-14T18:56:05","modified_gmt":"2024-11-14T17:56:05","slug":"musiciens","status":"publish","type":"page","link":"https:\/\/obenheimer.com\/en\/musiciens\/","title":{"rendered":"Musicians"},"content":{"rendered":"<p><div class=\"fusion-fullwidth fullwidth-box fusion-builder-row-1 fusion-flex-container nonhundred-percent-fullwidth non-hundred-percent-height-scrolling\" style=\"--awb-border-radius-top-left:0px;--awb-border-radius-top-right:0px;--awb-border-radius-bottom-right:0px;--awb-border-radius-bottom-left:0px;--awb-flex-wrap:wrap;\" ><div class=\"fusion-builder-row fusion-row fusion-flex-align-items-flex-start fusion-flex-content-wrap\" style=\"max-width:1289.6px;margin-left: calc(-4% \/ 2 );margin-right: calc(-4% \/ 2 );\"><div class=\"fusion-layout-column fusion_builder_column fusion-builder-column-0 fusion_builder_column_1_1 1_1 fusion-flex-column\" style=\"--awb-bg-size:cover;--awb-width-large:100%;--awb-margin-top-large:0px;--awb-spacing-right-large:1.92%;--awb-margin-bottom-large:0px;--awb-spacing-left-large:1.92%;--awb-width-medium:100%;--awb-spacing-right-medium:1.92%;--awb-spacing-left-medium:1.92%;--awb-width-small:100%;--awb-spacing-right-small:1.92%;--awb-spacing-left-small:1.92%;\"><div class=\"fusion-column-wrapper fusion-flex-justify-content-flex-start fusion-content-layout-column\"><div class=\"fusion-text fusion-text-1\"><p><\/p>\n<\/div><\/div><\/div><\/div><\/div><div class=\"fusion-fullwidth fullwidth-box fusion-builder-row-4 fusion-flex-container nonhundred-percent-fullwidth non-hundred-percent-height-scrolling\" style=\"--awb-border-radius-top-left:0px;--awb-border-radius-top-right:0px;--awb-border-radius-bottom-right:0px;--awb-border-radius-bottom-left:0px;--awb-flex-wrap:wrap;\" ><div class=\"fusion-builder-row fusion-row fusion-flex-align-items-flex-start fusion-flex-content-wrap\" style=\"max-width:1289.6px;margin-left: calc(-4% \/ 2 );margin-right: calc(-4% \/ 2 );\"><div class=\"fusion-layout-column fusion_builder_column fusion-builder-column-8 fusion_builder_column_1_2 1_2 fusion-flex-column\" style=\"--awb-bg-size:cover;--awb-width-large:50%;--awb-margin-top-large:0px;--awb-spacing-right-large:3.84%;--awb-margin-bottom-large:20px;--awb-spacing-left-large:3.84%;--awb-width-medium:50%;--awb-spacing-right-medium:3.84%;--awb-spacing-left-medium:3.84%;--awb-width-small:100%;--awb-spacing-right-small:1.92%;--awb-spacing-left-small:1.92%;\"><div class=\"fusion-column-wrapper fusion-column-has-shadow fusion-flex-justify-content-flex-start fusion-content-layout-column\"><div class=\"fusion-image-element \" style=\"text-align:center;--awb-caption-title-font-family:var(--h2_typography-font-family);--awb-caption-title-font-weight:var(--h2_typography-font-weight);--awb-caption-title-font-style:var(--h2_typography-font-style);--awb-caption-title-size:var(--h2_typography-font-size);--awb-caption-title-transform:var(--h2_typography-text-transform);--awb-caption-title-line-height:var(--h2_typography-line-height);--awb-caption-title-letter-spacing:var(--h2_typography-letter-spacing);\"><span class=\" fusion-imageframe imageframe-none imageframe-2 hover-type-none\"><a href=\"https:\/\/obenheimer.com\/wp-content\/uploads\/2020\/10\/OEB-camion.jpg\" class=\"fusion-lightbox\" data-rel=\"iLightbox[32f2a61508f87e1e602]\" data-title=\"OEB-camion\" title=\"OEB-camion\"><img decoding=\"async\" width=\"610\" height=\"713\" src=\"https:\/\/obenheimer.com\/wp-content\/uploads\/2020\/10\/OEB-camion.jpg\" data-orig-src=\"https:\/\/obenheimer.com\/wp-content\/uploads\/2020\/10\/OEB-camion.jpg\" alt class=\"lazyload img-responsive wp-image-19700\" srcset=\"data:image\/svg+xml,%3Csvg%20xmlns%3D%27http%3A%2F%2Fwww.w3.org%2F2000%2Fsvg%27%20width%3D%27610%27%20height%3D%27713%27%20viewBox%3D%270%200%20610%20713%27%3E%3Crect%20width%3D%27610%27%20height%3D%27713%27%20fill-opacity%3D%220%22%2F%3E%3C%2Fsvg%3E\" data-srcset=\"https:\/\/obenheimer.com\/wp-content\/uploads\/2020\/10\/OEB-camion-200x234.jpg 200w, https:\/\/obenheimer.com\/wp-content\/uploads\/2020\/10\/OEB-camion-400x468.jpg 400w, https:\/\/obenheimer.com\/wp-content\/uploads\/2020\/10\/OEB-camion-600x701.jpg 600w, https:\/\/obenheimer.com\/wp-content\/uploads\/2020\/10\/OEB-camion.jpg 610w\" data-sizes=\"auto\" data-orig-sizes=\"(max-width: 640px) 100vw, 600px\" \/><\/a><\/span><\/div><\/div><\/div><div class=\"fusion-layout-column fusion_builder_column fusion-builder-column-9 fusion_builder_column_1_2 1_2 fusion-flex-column\" style=\"--awb-bg-size:cover;--awb-width-large:50%;--awb-margin-top-large:0px;--awb-spacing-right-large:3.84%;--awb-margin-bottom-large:20px;--awb-spacing-left-large:3.84%;--awb-width-medium:50%;--awb-spacing-right-medium:3.84%;--awb-spacing-left-medium:3.84%;--awb-width-small:100%;--awb-spacing-right-small:1.92%;--awb-spacing-left-small:1.92%;\"><div class=\"fusion-column-wrapper fusion-column-has-shadow fusion-flex-justify-content-flex-start fusion-content-layout-column\"><div class=\"fusion-title title fusion-title-9 fusion-sep-none fusion-title-text fusion-title-size-two\"><h2 class=\"fusion-title-heading title-heading-left fusion-responsive-typography-calculated\" style=\"margin:0;--fontSize:30;line-height:1.2;\">Marylene Marques<\/h2><\/div><div class=\"fusion-text fusion-text-11\" style=\"--awb-text-transform:none;\"><p>Our female vocalist is gifted with a very smooth natural vibrato, her beautiful voice is well suited to present songs from Edith Piaf, musette waltzes, ballads and the latest hits from the charts, she is comfortable in almost any style.<\/p>\n<\/div><div class=\"fusion-title title fusion-title-10 fusion-sep-none fusion-title-text fusion-title-size-two\"><h2 class=\"fusion-title-heading title-heading-left fusion-responsive-typography-calculated\" style=\"margin:0;--fontSize:30;line-height:1.2;\">Lily BUTTERFLY<\/h2><\/div><div class=\"fusion-text fusion-text-12\"><p>The &#8220;Yodel&#8221; Queen.<br \/>Her soft yoddling will remind you the musical ambient of the tyrol Mountains  !<\/p>\n<\/div><div class=\"fusion-title title fusion-title-11 fusion-sep-none fusion-title-text fusion-title-size-two\"><h2 class=\"fusion-title-heading title-heading-left fusion-responsive-typography-calculated\" style=\"margin:0;--fontSize:30;line-height:1.2;\">Alain Heilbronn<\/h2><\/div><div class=\"fusion-text fusion-text-13\" style=\"--awb-text-transform:none;\"><p>Whether playing accordion, saxophone, clarinet, bass guitar or lead singing, music is his world and this makes him the ideal leader and arranger for the band. He studied accordion ten years with one of the worlds\u2019 best jazz players: Georges Bocchetti. You can hear it in his style!<\/p>\n<\/div><div class=\"fusion-title title fusion-title-12 fusion-sep-none fusion-title-text fusion-title-size-two\"><h2 class=\"fusion-title-heading title-heading-left fusion-responsive-typography-calculated\" style=\"margin:0;--fontSize:30;line-height:1.2;\">Edmond Lobner, Yannick Iffer et Thierry Wigishoff<\/h2><\/div><div class=\"fusion-text fusion-text-14\"><p>Nos trois trompettistes hors pair ! Ils s\u2019adaptent \u00e0 tous les styles et leur complicit\u00e9 est d&#8217;une efficacit\u00e9 \u00e9blouissante !<\/p>\n<\/div><\/div><\/div><div class=\"fusion-layout-column fusion_builder_column fusion-builder-column-10 fusion_builder_column_1_2 1_2 fusion-flex-column\" style=\"--awb-bg-size:cover;--awb-width-large:50%;--awb-margin-top-large:0px;--awb-spacing-right-large:3.84%;--awb-margin-bottom-large:20px;--awb-spacing-left-large:3.84%;--awb-width-medium:50%;--awb-spacing-right-medium:3.84%;--awb-spacing-left-medium:3.84%;--awb-width-small:100%;--awb-spacing-right-small:1.92%;--awb-spacing-left-small:1.92%;\"><div class=\"fusion-column-wrapper fusion-column-has-shadow fusion-flex-justify-content-flex-start fusion-content-layout-column\"><div class=\"fusion-title title fusion-title-13 fusion-sep-none fusion-title-text fusion-title-size-two\"><h2 class=\"fusion-title-heading title-heading-left fusion-responsive-typography-calculated\" style=\"margin:0;--fontSize:30;line-height:1.2;\">Alain Lustig<\/h2><\/div><div class=\"fusion-text fusion-text-15\" style=\"--awb-text-transform:none;\"><p>Plays electric and acoustic lead guitar, and is known for his dry humor. Certainly one of the outstanding guitar players on the regional scene. He is also member of one of the best country music bands in France.<\/p>\n<\/div><\/div><\/div><div class=\"fusion-layout-column fusion_builder_column fusion-builder-column-11 fusion_builder_column_1_2 1_2 fusion-flex-column\" style=\"--awb-bg-size:cover;--awb-width-large:50%;--awb-margin-top-large:0px;--awb-spacing-right-large:3.84%;--awb-margin-bottom-large:20px;--awb-spacing-left-large:3.84%;--awb-width-medium:50%;--awb-spacing-right-medium:3.84%;--awb-spacing-left-medium:3.84%;--awb-width-small:100%;--awb-spacing-right-small:1.92%;--awb-spacing-left-small:1.92%;\"><div class=\"fusion-column-wrapper fusion-column-has-shadow fusion-flex-justify-content-flex-start fusion-content-layout-column\"><div class=\"fusion-title title fusion-title-14 fusion-sep-none fusion-title-text fusion-title-size-two\"><h2 class=\"fusion-title-heading title-heading-left fusion-responsive-typography-calculated\" style=\"margin:0;--fontSize:30;line-height:1.2;\">Emmanuel Renni\u00e9<\/h2><\/div><div class=\"fusion-text fusion-text-16\" style=\"--awb-text-transform:none;\"><p>He penned most of the arrangements. A virtuoso on the keyboards, also leader of a complete brass band of 45 musicians in Alsace.<\/p>\n<\/div><\/div><\/div><div class=\"fusion-layout-column fusion_builder_column fusion-builder-column-12 fusion_builder_column_1_2 1_2 fusion-flex-column\" style=\"--awb-bg-size:cover;--awb-width-large:50%;--awb-margin-top-large:0px;--awb-spacing-right-large:3.84%;--awb-margin-bottom-large:20px;--awb-spacing-left-large:3.84%;--awb-width-medium:50%;--awb-spacing-right-medium:3.84%;--awb-spacing-left-medium:3.84%;--awb-width-small:100%;--awb-spacing-right-small:1.92%;--awb-spacing-left-small:1.92%;\"><div class=\"fusion-column-wrapper fusion-column-has-shadow fusion-flex-justify-content-flex-start fusion-content-layout-column\"><div class=\"fusion-title title fusion-title-15 fusion-sep-none fusion-title-text fusion-title-size-two\"><h2 class=\"fusion-title-heading title-heading-left fusion-responsive-typography-calculated\" style=\"margin:0;--fontSize:30;line-height:1.2;\">Thomas Dattler et Benjamin Hoff<\/h2><\/div><div class=\"fusion-text fusion-text-17\"><p>Les deux \u00ab locomotives \u00bb du groupe qui se partagent nos diverses sorties. Leurs batteries rendent remarquablement bien toute l&#8217;\u00e9nergie et l&#8217;envie qu&#8217;ils transmettent, et ceci du premier au dernier morceau de la soir\u00e9e.<\/p>\n<\/div><\/div><\/div><div class=\"fusion-layout-column fusion_builder_column fusion-builder-column-13 fusion_builder_column_1_2 1_2 fusion-flex-column\" style=\"--awb-bg-size:cover;--awb-width-large:50%;--awb-margin-top-large:0px;--awb-spacing-right-large:3.84%;--awb-margin-bottom-large:20px;--awb-spacing-left-large:3.84%;--awb-width-medium:50%;--awb-spacing-right-medium:3.84%;--awb-spacing-left-medium:3.84%;--awb-width-small:100%;--awb-spacing-right-small:1.92%;--awb-spacing-left-small:1.92%;\"><div class=\"fusion-column-wrapper fusion-column-has-shadow fusion-flex-justify-content-flex-start fusion-content-layout-column\"><div class=\"fusion-title title fusion-title-16 fusion-sep-none fusion-title-text fusion-title-size-two\"><h2 class=\"fusion-title-heading title-heading-left fusion-responsive-typography-calculated\" style=\"margin:0;--fontSize:30;line-height:1.2;\">Fr\u00e9d\u00e9ric Schalk<\/h2><\/div><div class=\"fusion-text fusion-text-18\"><p>Un multi-instrumentiste dont on ne peut que r\u00eaver : trombone, guitare, basse, claviers, baryton, chant, fl\u00fbte de pan\u2026.la perfection \u00e0 tous les niveaux !<\/p>\n<\/div><\/div><\/div><\/div><\/div><div class=\"fusion-fullwidth fullwidth-box fusion-builder-row-5 fusion-flex-container nonhundred-percent-fullwidth non-hundred-percent-height-scrolling\" style=\"--awb-border-radius-top-left:0px;--awb-border-radius-top-right:0px;--awb-border-radius-bottom-right:0px;--awb-border-radius-bottom-left:0px;--awb-flex-wrap:wrap;\" ><div class=\"fusion-builder-row fusion-row fusion-flex-align-items-flex-start fusion-flex-content-wrap\" style=\"max-width:1289.6px;margin-left: calc(-4% \/ 2 );margin-right: calc(-4% \/ 2 );\"><div class=\"fusion-layout-column fusion_builder_column fusion-builder-column-14 fusion_builder_column_1_1 1_1 fusion-flex-column\" style=\"--awb-bg-size:cover;--awb-width-large:100%;--awb-margin-top-large:0px;--awb-spacing-right-large:1.92%;--awb-margin-bottom-large:0px;--awb-spacing-left-large:1.92%;--awb-width-medium:100%;--awb-spacing-right-medium:1.92%;--awb-spacing-left-medium:1.92%;--awb-width-small:100%;--awb-spacing-right-small:1.92%;--awb-spacing-left-small:1.92%;\"><div class=\"fusion-column-wrapper fusion-flex-justify-content-flex-start fusion-content-layout-column\"><div class=\"fusion-text fusion-text-19\"><p><\/p>\n<\/div><\/div><\/div><\/div><\/div><\/p>","protected":false},"excerpt":{"rendered":"","protected":false},"author":1,"featured_media":0,"parent":0,"menu_order":4,"comment_status":"closed","ping_status":"closed","template":"","meta":{"footnotes":""},"class_list":["post-18800","page","type-page","status-publish","hentry"],"yoast_head":"<!-- This site is optimized with the Yoast SEO plugin v26.4 - https:\/\/yoast.com\/wordpress\/plugins\/seo\/ -->\n<title>Musicians - Obenheimer Express Band<\/title>\n<meta name=\"robots\" content=\"index, follow, max-snippet:-1, max-image-preview:large, max-video-preview:-1\" \/>\n<link rel=\"canonical\" href=\"https:\/\/obenheimer.com\/musiciens\/\" \/>\n<meta property=\"og:locale\" content=\"en_US\" \/>\n<meta property=\"og:type\" content=\"article\" \/>\n<meta property=\"og:title\" content=\"[:fr]Musiciens[:en]Musicians[:de]Musiker[:] - Obenheimer Express Band\" \/>\n<meta property=\"og:url\" content=\"https:\/\/obenheimer.com\/musiciens\/\" \/>\n<meta property=\"og:site_name\" content=\"Obenheimer Express Band\" \/>\n<meta property=\"article:modified_time\" content=\"2024-11-14T17:56:05+00:00\" \/>\n<meta name=\"twitter:card\" content=\"summary_large_image\" \/>\n<meta name=\"twitter:label1\" content=\"Est. reading time\" \/>\n\t<meta name=\"twitter:data1\" content=\"27 minutes\" \/>\n<script type=\"application\/ld+json\" class=\"yoast-schema-graph\">{\"@context\":\"https:\/\/schema.org\",\"@graph\":[{\"@type\":\"WebPage\",\"@id\":\"https:\/\/obenheimer.com\/musiciens\/\",\"url\":\"https:\/\/obenheimer.com\/musiciens\/\",\"name\":\"[:fr]Musiciens[:en]Musicians[:de]Musiker[:] - Obenheimer Express Band\",\"isPartOf\":{\"@id\":\"https:\/\/obenheimer.com\/#website\"},\"datePublished\":\"2020-03-05T08:13:19+00:00\",\"dateModified\":\"2024-11-14T17:56:05+00:00\",\"breadcrumb\":{\"@id\":\"https:\/\/obenheimer.com\/musiciens\/#breadcrumb\"},\"inLanguage\":\"en-US\",\"potentialAction\":[{\"@type\":\"ReadAction\",\"target\":[\"https:\/\/obenheimer.com\/musiciens\/\"]}]},{\"@type\":\"BreadcrumbList\",\"@id\":\"https:\/\/obenheimer.com\/musiciens\/#breadcrumb\",\"itemListElement\":[{\"@type\":\"ListItem\",\"position\":1,\"name\":\"Accueil\",\"item\":\"https:\/\/obenheimer.com\/\"},{\"@type\":\"ListItem\",\"position\":2,\"name\":\"Musiciens\"}]},{\"@type\":\"WebSite\",\"@id\":\"https:\/\/obenheimer.com\/#website\",\"url\":\"https:\/\/obenheimer.com\/\",\"name\":\"Obenheimer Express Band\",\"description\":\"Obenheimer Express Band\",\"potentialAction\":[{\"@type\":\"SearchAction\",\"target\":{\"@type\":\"EntryPoint\",\"urlTemplate\":\"https:\/\/obenheimer.com\/?s={search_term_string}\"},\"query-input\":{\"@type\":\"PropertyValueSpecification\",\"valueRequired\":true,\"valueName\":\"search_term_string\"}}],\"inLanguage\":\"en-US\"}]}<\/script>\n<!-- \/ Yoast SEO plugin. -->","yoast_head_json":{"title":"[:fr]Musiciens[:en]Musicians[:de]Musiker[:] - Obenheimer Express Band","robots":{"index":"index","follow":"follow","max-snippet":"max-snippet:-1","max-image-preview":"max-image-preview:large","max-video-preview":"max-video-preview:-1"},"canonical":"https:\/\/obenheimer.com\/musiciens\/","og_locale":"en_US","og_type":"article","og_title":"[:fr]Musiciens[:en]Musicians[:de]Musiker[:] - Obenheimer Express Band","og_url":"https:\/\/obenheimer.com\/musiciens\/","og_site_name":"Obenheimer Express Band","article_modified_time":"2024-11-14T17:56:05+00:00","twitter_card":"summary_large_image","twitter_misc":{"Est. reading time":"27 minutes"},"schema":{"@context":"https:\/\/schema.org","@graph":[{"@type":"WebPage","@id":"https:\/\/obenheimer.com\/musiciens\/","url":"https:\/\/obenheimer.com\/musiciens\/","name":"[:fr]Musiciens[:en]Musicians[:de]Musiker[:] - Obenheimer Express Band","isPartOf":{"@id":"https:\/\/obenheimer.com\/#website"},"datePublished":"2020-03-05T08:13:19+00:00","dateModified":"2024-11-14T17:56:05+00:00","breadcrumb":{"@id":"https:\/\/obenheimer.com\/musiciens\/#breadcrumb"},"inLanguage":"en-US","potentialAction":[{"@type":"ReadAction","target":["https:\/\/obenheimer.com\/musiciens\/"]}]},{"@type":"BreadcrumbList","@id":"https:\/\/obenheimer.com\/musiciens\/#breadcrumb","itemListElement":[{"@type":"ListItem","position":1,"name":"Accueil","item":"https:\/\/obenheimer.com\/"},{"@type":"ListItem","position":2,"name":"Musiciens"}]},{"@type":"WebSite","@id":"https:\/\/obenheimer.com\/#website","url":"https:\/\/obenheimer.com\/","name":"Obenheimer Express Band","description":"Obenheimer Express Band","potentialAction":[{"@type":"SearchAction","target":{"@type":"EntryPoint","urlTemplate":"https:\/\/obenheimer.com\/?s={search_term_string}"},"query-input":{"@type":"PropertyValueSpecification","valueRequired":true,"valueName":"search_term_string"}}],"inLanguage":"en-US"}]}},"_links":{"self":[{"href":"https:\/\/obenheimer.com\/en\/wp-json\/wp\/v2\/pages\/18800","targetHints":{"allow":["GET"]}}],"collection":[{"href":"https:\/\/obenheimer.com\/en\/wp-json\/wp\/v2\/pages"}],"about":[{"href":"https:\/\/obenheimer.com\/en\/wp-json\/wp\/v2\/types\/page"}],"author":[{"embeddable":true,"href":"https:\/\/obenheimer.com\/en\/wp-json\/wp\/v2\/users\/1"}],"replies":[{"embeddable":true,"href":"https:\/\/obenheimer.com\/en\/wp-json\/wp\/v2\/comments?post=18800"}],"version-history":[{"count":0,"href":"https:\/\/obenheimer.com\/en\/wp-json\/wp\/v2\/pages\/18800\/revisions"}],"wp:attachment":[{"href":"https:\/\/obenheimer.com\/en\/wp-json\/wp\/v2\/media?parent=18800"}],"curies":[{"name":"wp","href":"https:\/\/api.w.org\/{rel}","templated":true}]}}